{"id":7,"date":"2020-01-11T13:19:02","date_gmt":"2020-01-11T12:19:02","guid":{"rendered":"http:\/\/band-village.de\/web\/?page_id=7"},"modified":"2026-01-17T10:17:03","modified_gmt":"2026-01-17T09:17:03","slug":"werbemittel_village","status":"publish","type":"page","link":"https:\/\/band-village.de\/web\/werbemittel_village\/","title":{"rendered":"Werbemittel"},"content":{"rendered":"\n<h2 class=\"wp-block-heading\"><strong>Hier<\/strong>&nbsp;finden Sie verschiedene&nbsp;<strong>Werbemittel<\/strong>, die Sie f\u00fcr Zeitungsartikel oder Internet-Anzeigen&nbsp;<strong>ohne R\u00fcckfrage<\/strong>&nbsp;verwenden d\u00fcrfen.<\/h2>\n\n\n\n<p><strong>Textvorschlag f\u00fcr Ihre Anzeige:<\/strong><\/p>\n\n\n\n<h2 class=\"wp-block-heading\"><em><strong>Band VILLAGE<\/strong>&nbsp;&#8211; ist IHRE Tanzband &#8211; der Garant f\u00fcr Ihre gelungene Veranstaltung! Bestehend aus Waltari Merita, Dominik Merita, Jean Emanuel Bausch &amp; S\u00e4ngerin. <\/em><\/h2>\n\n\n\n<h3 class=\"wp-block-heading has-text-color\" style=\"color:#7c7e7f\"><em>Die Bandbreite der Band reicht von Oldies und Schlager \u00fcber Pop und Rock bis hin zu Disco und Rock&#8217;n Roll. Aktuelle Charts inbegriffen! Village bietet ihnen einen mehrstimmigen Gesang, abgerundet durch einen wohlklingenden Sound.<\/em><\/h3>\n\n\n\n<h3 class=\"wp-block-heading has-text-color\" style=\"color:#7c7e7f\"><em>Ihre Veranstaltung bleibt unvergessen.<\/em><\/h3>\n\n\n\n<p><strong>Bild f\u00fcr Ihre Anzeige: Bild 1<\/strong>&nbsp;(Ma\u00dfe: 1889 x 1542 Pixel &#8211; 4,6 MB)<\/p>\n\n\n\n<figure class=\"wp-block-image size-full\"><img decoding=\"async\" src=\"https:\/\/band-village.de\/web\/wp-content\/uploads\/2026\/01\/Band_Village_Logo-1.tif\" alt=\"\" class=\"wp-image-1024\"\/><\/figure>\n\n\n\n<p><a href=\"https:\/\/www.band-village.de\/assets\/Village_5_gross.png\"><strong>Download Bild 1<\/strong><\/a><\/p>\n\n\n\n<p class=\"has-medium-font-size\">Hinweise zum Download: F\u00fchren Sie ihre Maus unterhalb des jeweiligen Bild auf den Text &#8222;Download Bild 1&#8220;.<\/p>\n\n\n\n<p class=\"has-normal-font-size\"><em>Dr\u00fccken Sie die rechte Maustaste und w\u00e4hlen aus dem erscheinenden Men\u00fc, dass Bild auf Ihrem Rechner zu speichern \/ zu laden oder klicken Sie auf den Text mit der linken Maustaste. Das Bild \u00f6ffnet sich in Ihrem Browser. Ziehen Sie es entweder direkt auf Ihren Desktop oder benutzen Sie wie zuvor beschrieben die &#8222;rechte Maustaste&#8220; und das erscheinende Men\u00fc.<\/em><\/p>\n\n\n\n<p><strong>Logo f\u00fcr Ihre Anzeige: Bild 2<\/strong>&nbsp;(Ma\u00dfe: 1300 x 705 Pixel &#8211; 3,7 MB)<\/p>\n\n\n\n<figure class=\"wp-block-image size-large\"><img loading=\"lazy\" decoding=\"async\" width=\"1024\" height=\"836\" src=\"https:\/\/band-village.de\/web\/wp-content\/uploads\/2026\/01\/Village_5_gross-1024x836.png\" alt=\"\" class=\"wp-image-1026\" srcset=\"https:\/\/band-village.de\/web\/wp-content\/uploads\/2026\/01\/Village_5_gross-1024x836.png 1024w, https:\/\/band-village.de\/web\/wp-content\/uploads\/2026\/01\/Village_5_gross-300x245.png 300w, https:\/\/band-village.de\/web\/wp-content\/uploads\/2026\/01\/Village_5_gross-768x627.png 768w, https:\/\/band-village.de\/web\/wp-content\/uploads\/2026\/01\/Village_5_gross-1536x1254.png 1536w, https:\/\/band-village.de\/web\/wp-content\/uploads\/2026\/01\/Village_5_gross.png 1889w\" sizes=\"auto, (max-width: 706px) 89vw, (max-width: 767px) 82vw, 740px\" \/><\/figure>\n\n\n\n<p><a href=\"https:\/\/www.band-village.de\/assets\/Band_Village_Logo.tif\"><strong>Download Logo<\/strong><\/a><\/p>\n\n\n\n<p class=\"has-medium-font-size\">Hinweise zum Download: F\u00fchren Sie ihre Maus unterhalb des jeweiligen Bild auf den Text &#8222;Download Logo&#8220;.<\/p>\n\n\n\n<p><em>Dr\u00fccken Sie die rechte Maustaste und w\u00e4hlen aus dem erscheinenden Men\u00fc, dass Bild auf Ihrem Rechner zu speichern \/ zu laden oder klicken Sie auf den Text mit der linken Maustaste. Das Bild \u00f6ffnet sich in Ihrem Browser. Ziehen Sie es entweder direkt auf Ihren Desktop oder benutzen Sie wie zuvor beschrieben die &#8222;rechte Maustaste&#8220; und das erscheinende Men\u00fc.<\/em><\/p>\n\n\n\n<p><\/p>\n","protected":false},"excerpt":{"rendered":"<p>Hier&nbsp;finden Sie verschiedene&nbsp;Werbemittel, die Sie f\u00fcr Zeitungsartikel oder Internet-Anzeigen&nbsp;ohne R\u00fcckfrage&nbsp;verwenden d\u00fcrfen. Textvorschlag f\u00fcr Ihre Anzeige: Band VILLAGE&nbsp;&#8211; ist IHRE Tanzband &#8211; der Garant f\u00fcr Ihre gelungene Veranstaltung! Bestehend aus Waltari Merita, Dominik Merita, Jean Emanuel Bausch &amp; S\u00e4ngerin. Die Bandbreite der Band reicht von Oldies und Schlager \u00fcber Pop und Rock bis hin zu Disco &hellip; <\/p>\n<p class=\"link-more\"><a href=\"https:\/\/band-village.de\/web\/werbemittel_village\/\" class=\"more-link\"><span class=\"screen-reader-text\">\u201eWerbemittel\u201c <\/span>weiterlesen<\/a><\/p>\n","protected":false},"author":1,"featured_media":0,"parent":0,"menu_order":0,"comment_status":"closed","ping_status":"closed","template":"","meta":{"_joinchat":[],"footnotes":""},"class_list":["post-7","page","type-page","status-publish","hentry"],"_links":{"self":[{"href":"https:\/\/band-village.de\/web\/wp-json\/wp\/v2\/pages\/7","targetHints":{"allow":["GET"]}}],"collection":[{"href":"https:\/\/band-village.de\/web\/wp-json\/wp\/v2\/pages"}],"about":[{"href":"https:\/\/band-village.de\/web\/wp-json\/wp\/v2\/types\/page"}],"author":[{"embeddable":true,"href":"https:\/\/band-village.de\/web\/wp-json\/wp\/v2\/users\/1"}],"replies":[{"embeddable":true,"href":"https:\/\/band-village.de\/web\/wp-json\/wp\/v2\/comments?post=7"}],"version-history":[{"count":10,"href":"https:\/\/band-village.de\/web\/wp-json\/wp\/v2\/pages\/7\/revisions"}],"predecessor-version":[{"id":1027,"href":"https:\/\/band-village.de\/web\/wp-json\/wp\/v2\/pages\/7\/revisions\/1027"}],"wp:attachment":[{"href":"https:\/\/band-village.de\/web\/wp-json\/wp\/v2\/media?parent=7"}],"curies":[{"name":"wp","href":"https:\/\/api.w.org\/{rel}","templated":true}]}}